{"id":1249,"date":"2015-06-19T17:51:56","date_gmt":"2015-06-19T17:51:56","guid":{"rendered":"http:\/\/www.plasticosalco.com\/en\/inicio\/"},"modified":"2019-01-08T14:34:43","modified_gmt":"2019-01-08T14:34:43","slug":"inicio","status":"publish","type":"page","link":"https:\/\/www.plasticosalco.com\/en\/","title":{"rendered":"Home"},"content":{"rendered":"<p>[et_pb_section admin_label=&#8221;section&#8221; fullwidth=&#8221;off&#8221; specialty=&#8221;off&#8221;][et_pb_row admin_label=&#8221;row&#8221;][et_pb_column type=&#8221;4_4&#8243;][et_pb_text admin_label=&#8221;Texto&#8221; background_layout=&#8221;light&#8221; text_orientation=&#8221;left&#8221; use_border_color=&#8221;off&#8221; border_color=&#8221;#ffffff&#8221; border_style=&#8221;solid&#8221; text_font_size=&#8221;14&#8243;]<\/p>\n<h1>Manufacturers of thermoplastic injection moulds and products<\/h1>\n<p>[\/et_pb_text][\/et_pb_column][\/et_pb_row][\/et_pb_section][et_pb_section admin_label=&#8221;section&#8221; fullwidth=&#8221;on&#8221; specialty=&#8221;off&#8221; transparent_background=&#8221;off&#8221; allow_player_pause=&#8221;off&#8221; inner_shadow=&#8221;off&#8221; parallax=&#8221;off&#8221; parallax_method=&#8221;off&#8221; padding_mobile=&#8221;off&#8221; make_fullwidth=&#8221;off&#8221; use_custom_width=&#8221;off&#8221; width_unit=&#8221;on&#8221; make_equal=&#8221;off&#8221; use_custom_gutter=&#8221;off&#8221;][et_pb_fullwidth_slider admin_label=&#8221;Control deslizante de anchura completa&#8221; show_arrows=&#8221;on&#8221; show_pagination=&#8221;on&#8221; auto=&#8221;on&#8221; auto_ignore_hover=&#8221;on&#8221; parallax=&#8221;off&#8221; parallax_method=&#8221;on&#8221; remove_inner_shadow=&#8221;off&#8221; background_position=&#8221;default&#8221; background_size=&#8221;default&#8221; top_padding=&#8221;250px&#8221; bottom_padding=&#8221;250px&#8221; hide_content_on_mobile=&#8221;off&#8221; hide_cta_on_mobile=&#8221;off&#8221; show_image_video_mobile=&#8221;off&#8221; custom_button=&#8221;off&#8221; button_letter_spacing=&#8221;0&#8243; button_use_icon=&#8221;default&#8221; button_icon_placement=&#8221;right&#8221; button_on_hover=&#8221;on&#8221; button_letter_spacing_hover=&#8221;0&#8243; auto_speed=&#8221;2200&#8243; header_font_size=&#8221;46&#8243; body_font_size=&#8221;16&#8243; button_text_size=&#8221;20&#8243; button_border_width=&#8221;2&#8243; button_border_radius=&#8221;3&#8243; button_border_radius_hover=&#8221;3&#8243;] [et_pb_slide background_image=&#8221;https:\/\/www.plasticosalco.com\/wp-content\/uploads\/2015\/06\/P32.jpg&#8221; background_position=&#8221;default&#8221; background_size=&#8221;default&#8221; background_color=&#8221;#ffffff&#8221; alignment=&#8221;center&#8221; background_layout=&#8221;dark&#8221; allow_player_pause=&#8221;off&#8221; header_font_select=&#8221;default&#8221; body_font_select=&#8221;default&#8221; custom_button=&#8221;off&#8221; button_font_select=&#8221;default&#8221; button_use_icon=&#8221;default&#8221; button_icon_placement=&#8221;right&#8221; button_on_hover=&#8221;on&#8221;] [\/et_pb_slide][et_pb_slide background_image=&#8221;https:\/\/www.plasticosalco.com\/wp-content\/uploads\/2015\/06\/analizamos-tus-proyectos.jpg&#8221; background_position=&#8221;default&#8221; background_size=&#8221;default&#8221; background_color=&#8221;#ffffff&#8221; alignment=&#8221;center&#8221; background_layout=&#8221;dark&#8221; allow_player_pause=&#8221;off&#8221; header_font_select=&#8221;default&#8221; body_font_select=&#8221;default&#8221; custom_button=&#8221;off&#8221; button_font_select=&#8221;default&#8221; button_use_icon=&#8221;default&#8221; button_icon_placement=&#8221;right&#8221; button_on_hover=&#8221;on&#8221;] [\/et_pb_slide][et_pb_slide background_image=&#8221;https:\/\/www.plasticosalco.com\/wp-content\/uploads\/2015\/10\/fabricacion-inyeccion-termoplastica.jpg&#8221; background_position=&#8221;default&#8221; background_size=&#8221;default&#8221; background_color=&#8221;#ffffff&#8221; alignment=&#8221;center&#8221; background_layout=&#8221;dark&#8221; allow_player_pause=&#8221;off&#8221; header_font_select=&#8221;default&#8221; body_font_select=&#8221;default&#8221; custom_button=&#8221;off&#8221; button_font_select=&#8221;default&#8221; button_use_icon=&#8221;default&#8221; button_icon_placement=&#8221;right&#8221; button_on_hover=&#8221;on&#8221;] [\/et_pb_slide][et_pb_slide background_image=&#8221;https:\/\/www.plasticosalco.com\/wp-content\/uploads\/2015\/11\/fabricacion-moldes-inyeccion1.jpg&#8221; background_position=&#8221;default&#8221; background_size=&#8221;default&#8221; background_color=&#8221;#ffffff&#8221; alignment=&#8221;center&#8221; background_layout=&#8221;dark&#8221; allow_player_pause=&#8221;off&#8221; header_font_select=&#8221;default&#8221; body_font_select=&#8221;default&#8221; custom_button=&#8221;off&#8221; button_font_select=&#8221;default&#8221; button_use_icon=&#8221;default&#8221; button_icon_placement=&#8221;right&#8221; button_on_hover=&#8221;on&#8221;] [\/et_pb_slide][et_pb_slide background_image=&#8221;https:\/\/www.plasticosalco.com\/wp-content\/uploads\/2015\/06\/fabricando-moldes.jpg&#8221; background_position=&#8221;default&#8221; background_size=&#8221;default&#8221; background_color=&#8221;#ffffff&#8221; alignment=&#8221;center&#8221; background_layout=&#8221;dark&#8221; allow_player_pause=&#8221;off&#8221; header_font_select=&#8221;default&#8221; body_font_select=&#8221;default&#8221; custom_button=&#8221;off&#8221; button_font_select=&#8221;default&#8221; button_use_icon=&#8221;default&#8221; button_icon_placement=&#8221;right&#8221; button_on_hover=&#8221;on&#8221;] [\/et_pb_slide] [\/et_pb_fullwidth_slider][\/et_pb_section][et_pb_section admin_label=&#8221;section&#8221;][et_pb_row admin_label=&#8221;row&#8221;][et_pb_column type=&#8221;4_4&#8243;][et_pb_text admin_label=&#8221;Texto&#8221; background_layout=&#8221;light&#8221; text_orientation=&#8221;left&#8221; use_border_color=&#8221;off&#8221; border_color=&#8221;#ffffff&#8221; border_style=&#8221;solid&#8221; text_font_size=&#8221;14&#8243;]<\/p>\n<p>With nearly 40 years of experience in the plastic sector, PL\u00c1STICOS ALCO devotes its production to <strong>thermoplastic injection and transformation<\/strong>, as well as <strong>mould making<\/strong>; offering a wide range of products intended for several sectors: <strong>textile industry, farm sector, food industry&#8230;<\/strong><\/p>\n<p>PL\u00c1STICOS ALCO is equipped with the latest technology and along with our high production capacity we guarantee the best value for money.<\/p>\n<p>PL\u00c1STICOS ALCO also has a complete service which extends from product conceptualization and design to product manufacture and logistics distribution.<br \/>\nOur wide selection of existing articles can be adaptable to the needs of every customer.<\/p>\n<p>[\/et_pb_text][\/et_pb_column][\/et_pb_row][\/et_pb_section]<\/p>\n","protected":false},"excerpt":{"rendered":"<p>[et_pb_section admin_label=&#8221;section&#8221; fullwidth=&#8221;off&#8221; specialty=&#8221;off&#8221;][et_pb_row admin_label=&#8221;row&#8221;][et_pb_column type=&#8221;4_4&#8243;][et_pb_text admin_label=&#8221;Texto&#8221; background_layout=&#8221;light&#8221; text_orientation=&#8221;left&#8221; use_border_color=&#8221;off&#8221; border_color=&#8221;#ffffff&#8221; border_style=&#8221;solid&#8221; text_font_size=&#8221;14&#8243;] Manufacturers of thermoplastic injection moulds and products [\/et_pb_text][\/et_pb_column][\/et_pb_row][\/et_pb_section][et_pb_section admin_label=&#8221;section&#8221; fullwidth=&#8221;on&#8221; specialty=&#8221;off&#8221; transparent_background=&#8221;off&#8221; allow_player_pause=&#8221;off&#8221; inner_shadow=&#8221;off&#8221; parallax=&#8221;off&#8221; parallax_method=&#8221;off&#8221; padding_mobile=&#8221;off&#8221; make_fullwidth=&#8221;off&#8221; use_custom_width=&#8221;off&#8221; width_unit=&#8221;on&#8221; make_equal=&#8221;off&#8221; use_custom_gutter=&#8221;off&#8221;][et_pb_fullwidth_slider admin_label=&#8221;Control deslizante de anchura completa&#8221; show_arrows=&#8221;on&#8221; show_pagination=&#8221;on&#8221; auto=&#8221;on&#8221; auto_ignore_hover=&#8221;on&#8221; parallax=&#8221;off&#8221; parallax_method=&#8221;on&#8221; remove_inner_shadow=&#8221;off&#8221; background_position=&#8221;default&#8221; background_size=&#8221;default&#8221; top_padding=&#8221;250px&#8221; bottom_padding=&#8221;250px&#8221; hide_content_on_mobile=&#8221;off&#8221; hide_cta_on_mobile=&#8221;off&#8221; show_image_video_mobile=&#8221;off&#8221; custom_button=&#8221;off&#8221; [&hellip;]<\/p>\n","protected":false},"author":1,"featured_media":0,"parent":0,"menu_order":0,"comment_status":"open","ping_status":"closed","template":"","meta":{"_acf_changed":false,"footnotes":""},"class_list":["post-1249","page","type-page","status-publish","hentry"],"acf":[],"yoast_head":"<!-- This site is optimized with the Yoast SEO plugin v27.3 - https:\/\/yoast.com\/product\/yoast-seo-wordpress\/ -->\n<title>Plastic Injection, mould for injection<\/title>\n<meta name=\"description\" content=\"Pl\u00e1sticos Alco is mainly engaged in plastic injection and processing of thermoplastics in addition to the manufacture of molds for injection\" \/>\n<meta name=\"robots\" content=\"index, follow, max-snippet:-1, max-image-preview:large, max-video-preview:-1\" \/>\n<link rel=\"canonical\" href=\"https:\/\/www.plasticosalco.com\/en\/\" \/>\n<meta property=\"og:locale\" content=\"en_US\" \/>\n<meta property=\"og:type\" content=\"article\" \/>\n<meta property=\"og:title\" content=\"Plastic Injection, mould for injection\" \/>\n<meta property=\"og:description\" content=\"Pl\u00e1sticos Alco is mainly engaged in plastic injection and processing of thermoplastics in addition to the manufacture of molds for injection\" \/>\n<meta property=\"og:url\" content=\"https:\/\/www.plasticosalco.com\/en\/\" \/>\n<meta property=\"og:site_name\" content=\"Pl\u00e1sticos Alco\" \/>\n<meta property=\"article:modified_time\" content=\"2019-01-08T14:34:43+00:00\" \/>\n<meta name=\"twitter:card\" content=\"summary_large_image\" \/>\n<meta name=\"twitter:label1\" content=\"Est. reading time\" \/>\n\t<meta name=\"twitter:data1\" content=\"3 minutes\" \/>\n<script type=\"application\/ld+json\" class=\"yoast-schema-graph\">{\"@context\":\"https:\\\/\\\/schema.org\",\"@graph\":[{\"@type\":\"WebPage\",\"@id\":\"https:\\\/\\\/www.plasticosalco.com\\\/en\\\/\",\"url\":\"https:\\\/\\\/www.plasticosalco.com\\\/en\\\/\",\"name\":\"Plastic Injection, mould for injection\",\"isPartOf\":{\"@id\":\"https:\\\/\\\/www.plasticosalco.com\\\/#website\"},\"datePublished\":\"2015-06-19T17:51:56+00:00\",\"dateModified\":\"2019-01-08T14:34:43+00:00\",\"description\":\"Pl\u00e1sticos Alco is mainly engaged in plastic injection and processing of thermoplastics in addition to the manufacture of molds for injection\",\"breadcrumb\":{\"@id\":\"https:\\\/\\\/www.plasticosalco.com\\\/en\\\/#breadcrumb\"},\"inLanguage\":\"en-US\",\"potentialAction\":[{\"@type\":\"ReadAction\",\"target\":[\"https:\\\/\\\/www.plasticosalco.com\\\/en\\\/\"]}]},{\"@type\":\"BreadcrumbList\",\"@id\":\"https:\\\/\\\/www.plasticosalco.com\\\/en\\\/#breadcrumb\",\"itemListElement\":[{\"@type\":\"ListItem\",\"position\":1,\"name\":\"Portada\",\"item\":\"https:\\\/\\\/www.plasticosalco.com\\\/en\\\/\"},{\"@type\":\"ListItem\",\"position\":2,\"name\":\"Home\"}]},{\"@type\":\"WebSite\",\"@id\":\"https:\\\/\\\/www.plasticosalco.com\\\/#website\",\"url\":\"https:\\\/\\\/www.plasticosalco.com\\\/\",\"name\":\"Pl\u00e1sticos Alco\",\"description\":\"Fabricantes de moldes y productos de inyecci\u00f3n termopl\u00e1sticos\",\"publisher\":{\"@id\":\"https:\\\/\\\/www.plasticosalco.com\\\/#organization\"},\"potentialAction\":[{\"@type\":\"SearchAction\",\"target\":{\"@type\":\"EntryPoint\",\"urlTemplate\":\"https:\\\/\\\/www.plasticosalco.com\\\/?s={search_term_string}\"},\"query-input\":{\"@type\":\"PropertyValueSpecification\",\"valueRequired\":true,\"valueName\":\"search_term_string\"}}],\"inLanguage\":\"en-US\"},{\"@type\":\"Organization\",\"@id\":\"https:\\\/\\\/www.plasticosalco.com\\\/#organization\",\"name\":\"Pl\u00e1sticos Alco SL\",\"url\":\"https:\\\/\\\/www.plasticosalco.com\\\/\",\"logo\":{\"@type\":\"ImageObject\",\"inLanguage\":\"en-US\",\"@id\":\"https:\\\/\\\/www.plasticosalco.com\\\/#\\\/schema\\\/logo\\\/image\\\/\",\"url\":\"https:\\\/\\\/www.plasticosalco.com\\\/wp-content\\\/uploads\\\/2015\\\/06\\\/logo.jpg\",\"contentUrl\":\"https:\\\/\\\/www.plasticosalco.com\\\/wp-content\\\/uploads\\\/2015\\\/06\\\/logo.jpg\",\"width\":260,\"height\":65,\"caption\":\"Pl\u00e1sticos Alco SL\"},\"image\":{\"@id\":\"https:\\\/\\\/www.plasticosalco.com\\\/#\\\/schema\\\/logo\\\/image\\\/\"}}]}<\/script>\n<!-- \/ Yoast SEO plugin. -->","yoast_head_json":{"title":"Plastic Injection, mould for injection","description":"Pl\u00e1sticos Alco is mainly engaged in plastic injection and processing of thermoplastics in addition to the manufacture of molds for injection","robots":{"index":"index","follow":"follow","max-snippet":"max-snippet:-1","max-image-preview":"max-image-preview:large","max-video-preview":"max-video-preview:-1"},"canonical":"https:\/\/www.plasticosalco.com\/en\/","og_locale":"en_US","og_type":"article","og_title":"Plastic Injection, mould for injection","og_description":"Pl\u00e1sticos Alco is mainly engaged in plastic injection and processing of thermoplastics in addition to the manufacture of molds for injection","og_url":"https:\/\/www.plasticosalco.com\/en\/","og_site_name":"Pl\u00e1sticos Alco","article_modified_time":"2019-01-08T14:34:43+00:00","twitter_card":"summary_large_image","twitter_misc":{"Est. reading time":"3 minutes"},"schema":{"@context":"https:\/\/schema.org","@graph":[{"@type":"WebPage","@id":"https:\/\/www.plasticosalco.com\/en\/","url":"https:\/\/www.plasticosalco.com\/en\/","name":"Plastic Injection, mould for injection","isPartOf":{"@id":"https:\/\/www.plasticosalco.com\/#website"},"datePublished":"2015-06-19T17:51:56+00:00","dateModified":"2019-01-08T14:34:43+00:00","description":"Pl\u00e1sticos Alco is mainly engaged in plastic injection and processing of thermoplastics in addition to the manufacture of molds for injection","breadcrumb":{"@id":"https:\/\/www.plasticosalco.com\/en\/#breadcrumb"},"inLanguage":"en-US","potentialAction":[{"@type":"ReadAction","target":["https:\/\/www.plasticosalco.com\/en\/"]}]},{"@type":"BreadcrumbList","@id":"https:\/\/www.plasticosalco.com\/en\/#breadcrumb","itemListElement":[{"@type":"ListItem","position":1,"name":"Portada","item":"https:\/\/www.plasticosalco.com\/en\/"},{"@type":"ListItem","position":2,"name":"Home"}]},{"@type":"WebSite","@id":"https:\/\/www.plasticosalco.com\/#website","url":"https:\/\/www.plasticosalco.com\/","name":"Pl\u00e1sticos Alco","description":"Fabricantes de moldes y productos de inyecci\u00f3n termopl\u00e1sticos","publisher":{"@id":"https:\/\/www.plasticosalco.com\/#organization"},"potentialAction":[{"@type":"SearchAction","target":{"@type":"EntryPoint","urlTemplate":"https:\/\/www.plasticosalco.com\/?s={search_term_string}"},"query-input":{"@type":"PropertyValueSpecification","valueRequired":true,"valueName":"search_term_string"}}],"inLanguage":"en-US"},{"@type":"Organization","@id":"https:\/\/www.plasticosalco.com\/#organization","name":"Pl\u00e1sticos Alco SL","url":"https:\/\/www.plasticosalco.com\/","logo":{"@type":"ImageObject","inLanguage":"en-US","@id":"https:\/\/www.plasticosalco.com\/#\/schema\/logo\/image\/","url":"https:\/\/www.plasticosalco.com\/wp-content\/uploads\/2015\/06\/logo.jpg","contentUrl":"https:\/\/www.plasticosalco.com\/wp-content\/uploads\/2015\/06\/logo.jpg","width":260,"height":65,"caption":"Pl\u00e1sticos Alco SL"},"image":{"@id":"https:\/\/www.plasticosalco.com\/#\/schema\/logo\/image\/"}}]}},"_links":{"self":[{"href":"https:\/\/www.plasticosalco.com\/en\/wp-json\/wp\/v2\/pages\/1249","targetHints":{"allow":["GET"]}}],"collection":[{"href":"https:\/\/www.plasticosalco.com\/en\/wp-json\/wp\/v2\/pages"}],"about":[{"href":"https:\/\/www.plasticosalco.com\/en\/wp-json\/wp\/v2\/types\/page"}],"author":[{"embeddable":true,"href":"https:\/\/www.plasticosalco.com\/en\/wp-json\/wp\/v2\/users\/1"}],"replies":[{"embeddable":true,"href":"https:\/\/www.plasticosalco.com\/en\/wp-json\/wp\/v2\/comments?post=1249"}],"version-history":[{"count":16,"href":"https:\/\/www.plasticosalco.com\/en\/wp-json\/wp\/v2\/pages\/1249\/revisions"}],"predecessor-version":[{"id":3312,"href":"https:\/\/www.plasticosalco.com\/en\/wp-json\/wp\/v2\/pages\/1249\/revisions\/3312"}],"wp:attachment":[{"href":"https:\/\/www.plasticosalco.com\/en\/wp-json\/wp\/v2\/media?parent=1249"}],"curies":[{"name":"wp","href":"https:\/\/api.w.org\/{rel}","templated":true}]}}