{"id":1251,"date":"2015-06-19T17:51:56","date_gmt":"2015-06-19T17:51:56","guid":{"rendered":"http:\/\/www.plasticosalco.com\/en\/proyecto\/"},"modified":"2015-12-02T16:58:30","modified_gmt":"2015-12-02T16:58:30","slug":"projects-for-plastic-injection","status":"publish","type":"page","link":"https:\/\/www.plasticosalco.com\/en\/projects-for-plastic-injection\/","title":{"rendered":"Projects"},"content":{"rendered":"<p>[et_pb_section admin_label=&#8221;section&#8221;][et_pb_row admin_label=&#8221;row&#8221;][et_pb_column type=&#8221;4_4&#8243;][et_pb_text admin_label=&#8221;Texto&#8221; background_layout=&#8221;light&#8221; text_orientation=&#8221;left&#8221; use_border_color=&#8221;off&#8221; border_color=&#8221;#ffffff&#8221; border_style=&#8221;solid&#8221; text_font_size=&#8221;14&#8243;]<\/p>\n<h1>Projects<\/h1>\n<h3>Product development, Moulding, Injection and Assembly.<\/h3>\n<p>We offer the possibility to comprehensively develop the projects of everyone who tries to find a complete solution for a wholly finished plastic-based product.<br \/>\nIt is a full-service proposal that covers from product design to mass production.<\/p>\n<p><a href=\"https:\/\/www.plasticosalco.com\/wp-content\/uploads\/2015\/11\/proyect1.jpg\"><img loading=\"lazy\" decoding=\"async\" class=\"aligncenter wp-image-2829 size-full\" src=\"https:\/\/www.plasticosalco.com\/wp-content\/uploads\/2015\/11\/proyect1.jpg\" alt=\"proyect of Plasticos Alco\" width=\"1500\" height=\"849\" srcset=\"https:\/\/www.plasticosalco.com\/wp-content\/uploads\/2015\/11\/proyect1.jpg 1500w, https:\/\/www.plasticosalco.com\/wp-content\/uploads\/2015\/11\/proyect1-300x170.jpg 300w, https:\/\/www.plasticosalco.com\/wp-content\/uploads\/2015\/11\/proyect1-1024x580.jpg 1024w, https:\/\/www.plasticosalco.com\/wp-content\/uploads\/2015\/11\/proyect1-1080x611.jpg 1080w\" sizes=\"auto, (max-width: 1500px) 100vw, 1500px\" \/><\/a><\/p>\n<h3>Product optimization and manufacturing process.<\/h3>\n<p>PL\u00c1STICOS ALCO redesigns existing products under certain parameters such as weight, resistance, aesthetics, productivity and cost optimization.<\/p>\n<p>We improve the moulding output and delete the injection faults.<\/p>\n<p>With a strong commitment to design, we try to improve every product in functional terms as well as in weight, injection efficiency, resistance and aesthetics, representing a clear differentiating element and therefore a great competitive advantage. This service is highly requested by our customers when they want to update their current product range.<\/p>\n<p>[\/et_pb_text][\/et_pb_column][\/et_pb_row][\/et_pb_section]<\/p>\n","protected":false},"excerpt":{"rendered":"<p>[et_pb_section admin_label=&#8221;section&#8221;][et_pb_row admin_label=&#8221;row&#8221;][et_pb_column type=&#8221;4_4&#8243;][et_pb_text admin_label=&#8221;Texto&#8221; background_layout=&#8221;light&#8221; text_orientation=&#8221;left&#8221; use_border_color=&#8221;off&#8221; border_color=&#8221;#ffffff&#8221; border_style=&#8221;solid&#8221; text_font_size=&#8221;14&#8243;] Projects Product development, Moulding, Injection and Assembly. We offer the possibility to comprehensively develop the projects of everyone who tries to find a complete solution for a wholly finished plastic-based product. It is a full-service proposal that covers from product design to mass production. [&hellip;]<\/p>\n","protected":false},"author":1,"featured_media":0,"parent":0,"menu_order":0,"comment_status":"open","ping_status":"closed","template":"","meta":{"_acf_changed":false,"footnotes":""},"class_list":["post-1251","page","type-page","status-publish","hentry"],"acf":[],"yoast_head":"<!-- This site is optimized with the Yoast SEO plugin v27.5 - https:\/\/yoast.com\/product\/yoast-seo-wordpress\/ -->\n<title>Projects for plastic injection<\/title>\n<meta name=\"description\" content=\"Our projects are based on product development , mold , plastic injection and assembly , or optimize products and production processes.\" \/>\n<meta name=\"robots\" content=\"index, follow, max-snippet:-1, max-image-preview:large, max-video-preview:-1\" \/>\n<link rel=\"canonical\" href=\"https:\/\/www.plasticosalco.com\/en\/projects-for-plastic-injection\/\" \/>\n<meta property=\"og:locale\" content=\"en_US\" \/>\n<meta property=\"og:type\" content=\"article\" \/>\n<meta property=\"og:title\" content=\"Projects for plastic injection\" \/>\n<meta property=\"og:description\" content=\"Our projects are based on product development , mold , plastic injection and assembly , or optimize products and production processes.\" \/>\n<meta property=\"og:url\" content=\"https:\/\/www.plasticosalco.com\/en\/projects-for-plastic-injection\/\" \/>\n<meta property=\"og:site_name\" content=\"Pl\u00e1sticos Alco\" \/>\n<meta property=\"article:modified_time\" content=\"2015-12-02T16:58:30+00:00\" \/>\n<meta property=\"og:image\" content=\"https:\/\/www.plasticosalco.com\/wp-content\/uploads\/2015\/11\/proyect1.jpg\" \/>\n<meta name=\"twitter:card\" content=\"summary_large_image\" \/>\n<meta name=\"twitter:label1\" content=\"Est. reading time\" \/>\n\t<meta name=\"twitter:data1\" content=\"1 minute\" \/>\n<script type=\"application\/ld+json\" class=\"yoast-schema-graph\">{\"@context\":\"https:\\\/\\\/schema.org\",\"@graph\":[{\"@type\":\"WebPage\",\"@id\":\"https:\\\/\\\/www.plasticosalco.com\\\/en\\\/projects-for-plastic-injection\\\/\",\"url\":\"https:\\\/\\\/www.plasticosalco.com\\\/en\\\/projects-for-plastic-injection\\\/\",\"name\":\"Projects for plastic injection\",\"isPartOf\":{\"@id\":\"https:\\\/\\\/www.plasticosalco.com\\\/#website\"},\"primaryImageOfPage\":{\"@id\":\"https:\\\/\\\/www.plasticosalco.com\\\/en\\\/projects-for-plastic-injection\\\/#primaryimage\"},\"image\":{\"@id\":\"https:\\\/\\\/www.plasticosalco.com\\\/en\\\/projects-for-plastic-injection\\\/#primaryimage\"},\"thumbnailUrl\":\"https:\\\/\\\/www.plasticosalco.com\\\/wp-content\\\/uploads\\\/2015\\\/11\\\/proyect1.jpg\",\"datePublished\":\"2015-06-19T17:51:56+00:00\",\"dateModified\":\"2015-12-02T16:58:30+00:00\",\"description\":\"Our projects are based on product development , mold , plastic injection and assembly , or optimize products and production processes.\",\"breadcrumb\":{\"@id\":\"https:\\\/\\\/www.plasticosalco.com\\\/en\\\/projects-for-plastic-injection\\\/#breadcrumb\"},\"inLanguage\":\"en-US\",\"potentialAction\":[{\"@type\":\"ReadAction\",\"target\":[\"https:\\\/\\\/www.plasticosalco.com\\\/en\\\/projects-for-plastic-injection\\\/\"]}]},{\"@type\":\"ImageObject\",\"inLanguage\":\"en-US\",\"@id\":\"https:\\\/\\\/www.plasticosalco.com\\\/en\\\/projects-for-plastic-injection\\\/#primaryimage\",\"url\":\"https:\\\/\\\/www.plasticosalco.com\\\/wp-content\\\/uploads\\\/2015\\\/11\\\/proyect1.jpg\",\"contentUrl\":\"https:\\\/\\\/www.plasticosalco.com\\\/wp-content\\\/uploads\\\/2015\\\/11\\\/proyect1.jpg\"},{\"@type\":\"BreadcrumbList\",\"@id\":\"https:\\\/\\\/www.plasticosalco.com\\\/en\\\/projects-for-plastic-injection\\\/#breadcrumb\",\"itemListElement\":[{\"@type\":\"ListItem\",\"position\":1,\"name\":\"Portada\",\"item\":\"https:\\\/\\\/www.plasticosalco.com\\\/en\\\/\"},{\"@type\":\"ListItem\",\"position\":2,\"name\":\"Projects\"}]},{\"@type\":\"WebSite\",\"@id\":\"https:\\\/\\\/www.plasticosalco.com\\\/#website\",\"url\":\"https:\\\/\\\/www.plasticosalco.com\\\/\",\"name\":\"Pl\u00e1sticos Alco\",\"description\":\"Fabricantes de moldes y productos de inyecci\u00f3n termopl\u00e1sticos\",\"publisher\":{\"@id\":\"https:\\\/\\\/www.plasticosalco.com\\\/#organization\"},\"potentialAction\":[{\"@type\":\"SearchAction\",\"target\":{\"@type\":\"EntryPoint\",\"urlTemplate\":\"https:\\\/\\\/www.plasticosalco.com\\\/?s={search_term_string}\"},\"query-input\":{\"@type\":\"PropertyValueSpecification\",\"valueRequired\":true,\"valueName\":\"search_term_string\"}}],\"inLanguage\":\"en-US\"},{\"@type\":\"Organization\",\"@id\":\"https:\\\/\\\/www.plasticosalco.com\\\/#organization\",\"name\":\"Pl\u00e1sticos Alco SL\",\"url\":\"https:\\\/\\\/www.plasticosalco.com\\\/\",\"logo\":{\"@type\":\"ImageObject\",\"inLanguage\":\"en-US\",\"@id\":\"https:\\\/\\\/www.plasticosalco.com\\\/#\\\/schema\\\/logo\\\/image\\\/\",\"url\":\"https:\\\/\\\/www.plasticosalco.com\\\/wp-content\\\/uploads\\\/2015\\\/06\\\/logo.jpg\",\"contentUrl\":\"https:\\\/\\\/www.plasticosalco.com\\\/wp-content\\\/uploads\\\/2015\\\/06\\\/logo.jpg\",\"width\":260,\"height\":65,\"caption\":\"Pl\u00e1sticos Alco SL\"},\"image\":{\"@id\":\"https:\\\/\\\/www.plasticosalco.com\\\/#\\\/schema\\\/logo\\\/image\\\/\"}}]}<\/script>\n<!-- \/ Yoast SEO plugin. -->","yoast_head_json":{"title":"Projects for plastic injection","description":"Our projects are based on product development , mold , plastic injection and assembly , or optimize products and production processes.","robots":{"index":"index","follow":"follow","max-snippet":"max-snippet:-1","max-image-preview":"max-image-preview:large","max-video-preview":"max-video-preview:-1"},"canonical":"https:\/\/www.plasticosalco.com\/en\/projects-for-plastic-injection\/","og_locale":"en_US","og_type":"article","og_title":"Projects for plastic injection","og_description":"Our projects are based on product development , mold , plastic injection and assembly , or optimize products and production processes.","og_url":"https:\/\/www.plasticosalco.com\/en\/projects-for-plastic-injection\/","og_site_name":"Pl\u00e1sticos Alco","article_modified_time":"2015-12-02T16:58:30+00:00","og_image":[{"url":"https:\/\/www.plasticosalco.com\/wp-content\/uploads\/2015\/11\/proyect1.jpg","type":"","width":"","height":""}],"twitter_card":"summary_large_image","twitter_misc":{"Est. reading time":"1 minute"},"schema":{"@context":"https:\/\/schema.org","@graph":[{"@type":"WebPage","@id":"https:\/\/www.plasticosalco.com\/en\/projects-for-plastic-injection\/","url":"https:\/\/www.plasticosalco.com\/en\/projects-for-plastic-injection\/","name":"Projects for plastic injection","isPartOf":{"@id":"https:\/\/www.plasticosalco.com\/#website"},"primaryImageOfPage":{"@id":"https:\/\/www.plasticosalco.com\/en\/projects-for-plastic-injection\/#primaryimage"},"image":{"@id":"https:\/\/www.plasticosalco.com\/en\/projects-for-plastic-injection\/#primaryimage"},"thumbnailUrl":"https:\/\/www.plasticosalco.com\/wp-content\/uploads\/2015\/11\/proyect1.jpg","datePublished":"2015-06-19T17:51:56+00:00","dateModified":"2015-12-02T16:58:30+00:00","description":"Our projects are based on product development , mold , plastic injection and assembly , or optimize products and production processes.","breadcrumb":{"@id":"https:\/\/www.plasticosalco.com\/en\/projects-for-plastic-injection\/#breadcrumb"},"inLanguage":"en-US","potentialAction":[{"@type":"ReadAction","target":["https:\/\/www.plasticosalco.com\/en\/projects-for-plastic-injection\/"]}]},{"@type":"ImageObject","inLanguage":"en-US","@id":"https:\/\/www.plasticosalco.com\/en\/projects-for-plastic-injection\/#primaryimage","url":"https:\/\/www.plasticosalco.com\/wp-content\/uploads\/2015\/11\/proyect1.jpg","contentUrl":"https:\/\/www.plasticosalco.com\/wp-content\/uploads\/2015\/11\/proyect1.jpg"},{"@type":"BreadcrumbList","@id":"https:\/\/www.plasticosalco.com\/en\/projects-for-plastic-injection\/#breadcrumb","itemListElement":[{"@type":"ListItem","position":1,"name":"Portada","item":"https:\/\/www.plasticosalco.com\/en\/"},{"@type":"ListItem","position":2,"name":"Projects"}]},{"@type":"WebSite","@id":"https:\/\/www.plasticosalco.com\/#website","url":"https:\/\/www.plasticosalco.com\/","name":"Pl\u00e1sticos Alco","description":"Fabricantes de moldes y productos de inyecci\u00f3n termopl\u00e1sticos","publisher":{"@id":"https:\/\/www.plasticosalco.com\/#organization"},"potentialAction":[{"@type":"SearchAction","target":{"@type":"EntryPoint","urlTemplate":"https:\/\/www.plasticosalco.com\/?s={search_term_string}"},"query-input":{"@type":"PropertyValueSpecification","valueRequired":true,"valueName":"search_term_string"}}],"inLanguage":"en-US"},{"@type":"Organization","@id":"https:\/\/www.plasticosalco.com\/#organization","name":"Pl\u00e1sticos Alco SL","url":"https:\/\/www.plasticosalco.com\/","logo":{"@type":"ImageObject","inLanguage":"en-US","@id":"https:\/\/www.plasticosalco.com\/#\/schema\/logo\/image\/","url":"https:\/\/www.plasticosalco.com\/wp-content\/uploads\/2015\/06\/logo.jpg","contentUrl":"https:\/\/www.plasticosalco.com\/wp-content\/uploads\/2015\/06\/logo.jpg","width":260,"height":65,"caption":"Pl\u00e1sticos Alco SL"},"image":{"@id":"https:\/\/www.plasticosalco.com\/#\/schema\/logo\/image\/"}}]}},"_links":{"self":[{"href":"https:\/\/www.plasticosalco.com\/en\/wp-json\/wp\/v2\/pages\/1251","targetHints":{"allow":["GET"]}}],"collection":[{"href":"https:\/\/www.plasticosalco.com\/en\/wp-json\/wp\/v2\/pages"}],"about":[{"href":"https:\/\/www.plasticosalco.com\/en\/wp-json\/wp\/v2\/types\/page"}],"author":[{"embeddable":true,"href":"https:\/\/www.plasticosalco.com\/en\/wp-json\/wp\/v2\/users\/1"}],"replies":[{"embeddable":true,"href":"https:\/\/www.plasticosalco.com\/en\/wp-json\/wp\/v2\/comments?post=1251"}],"version-history":[{"count":8,"href":"https:\/\/www.plasticosalco.com\/en\/wp-json\/wp\/v2\/pages\/1251\/revisions"}],"predecessor-version":[{"id":2833,"href":"https:\/\/www.plasticosalco.com\/en\/wp-json\/wp\/v2\/pages\/1251\/revisions\/2833"}],"wp:attachment":[{"href":"https:\/\/www.plasticosalco.com\/en\/wp-json\/wp\/v2\/media?parent=1251"}],"curies":[{"name":"wp","href":"https:\/\/api.w.org\/{rel}","templated":true}]}}