{"id":1254,"date":"2015-06-19T17:51:54","date_gmt":"2015-06-19T17:51:54","guid":{"rendered":"http:\/\/www.plasticosalco.com\/en\/sobre-nosotros\/"},"modified":"2019-01-08T14:36:41","modified_gmt":"2019-01-08T14:36:41","slug":"about-us-thermoplastic-injection","status":"publish","type":"page","link":"https:\/\/www.plasticosalco.com\/en\/about-us-thermoplastic-injection\/","title":{"rendered":"About us"},"content":{"rendered":"<p>[et_pb_section admin_label=&#8221;section&#8221;][et_pb_row admin_label=&#8221;row&#8221;][et_pb_column type=&#8221;4_4&#8243;][et_pb_text admin_label=&#8221;Texto&#8221; background_layout=&#8221;light&#8221; text_orientation=&#8221;left&#8221; use_border_color=&#8221;off&#8221; border_color=&#8221;#ffffff&#8221; border_style=&#8221;solid&#8221; text_font_size=&#8221;14&#8243;]<\/p>\n<h1>About us<\/h1>\n<p>PL\u00c1STICOS ALCO started back in 1975 as a supplier of plastic-injected pieces for different industries, being the agricultural sector the main one at that time; <span id=\"result_box\" class=\"short_text\" lang=\"en\"><span class=\"hps\">becoming<\/span> <span class=\"hps\">S.L.<\/span> <span class=\"hps alt-edited\">as from<\/span> <span class=\"hps\">1990<\/span><\/span>.<\/p>\n<p>With nearly 40 years of experience in the plastic sector, PL\u00c1STICOS ALCO\u00a0devotes its production to thermoplastic injection and transformation, as well as mould making; offering a wide range of products intended for several sectors: textile industry, farm sector, food industry, orthopaedic sector&#8230;<\/p>\n<p>PL\u00c1STICOS ALCO is equipped with the latest technology and along with our high production capacity we guarantee the best value for money.<\/p>\n<p>[\/et_pb_text][\/et_pb_column][\/et_pb_row][\/et_pb_section][et_pb_section admin_label=&#8221;section&#8221; fullwidth=&#8221;on&#8221; specialty=&#8221;off&#8221;][et_pb_fullwidth_slider admin_label=&#8221;Control deslizante de anchura completa&#8221; show_arrows=&#8221;off&#8221; show_pagination=&#8221;off&#8221; auto=&#8221;off&#8221; auto_ignore_hover=&#8221;off&#8221; parallax=&#8221;off&#8221; parallax_method=&#8221;on&#8221; remove_inner_shadow=&#8221;off&#8221; background_position=&#8221;default&#8221; background_size=&#8221;default&#8221; top_padding=&#8221;200px&#8221; bottom_padding=&#8221;200px&#8221; hide_content_on_mobile=&#8221;off&#8221; hide_cta_on_mobile=&#8221;off&#8221; show_image_video_mobile=&#8221;off&#8221; custom_button=&#8221;off&#8221; button_letter_spacing=&#8221;0&#8243; button_use_icon=&#8221;default&#8221; button_icon_placement=&#8221;right&#8221; button_on_hover=&#8221;on&#8221; button_letter_spacing_hover=&#8221;0&#8243;]<\/p>\n<p>[et_pb_slide background_image=&#8221;https:\/\/www.plasticosalco.com\/wp-content\/uploads\/2015\/06\/PLASTICOS-ALCO-94.jpg&#8221; background_position=&#8221;default&#8221; background_size=&#8221;default&#8221; background_color=&#8221;#ffffff&#8221; alignment=&#8221;center&#8221; background_layout=&#8221;dark&#8221; allow_player_pause=&#8221;off&#8221; header_font_select=&#8221;default&#8221; body_font_select=&#8221;default&#8221; custom_button=&#8221;off&#8221; button_font_select=&#8221;default&#8221; button_use_icon=&#8221;default&#8221; button_icon_placement=&#8221;right&#8221; button_on_hover=&#8221;on&#8221;] [\/et_pb_slide]<\/p>\n<p>[\/et_pb_fullwidth_slider][\/et_pb_section][et_pb_section admin_label=&#8221;section&#8221; fullwidth=&#8221;off&#8221; specialty=&#8221;off&#8221;][et_pb_row admin_label=&#8221;row&#8221;][et_pb_column type=&#8221;4_4&#8243;][et_pb_text admin_label=&#8221;Texto&#8221; background_layout=&#8221;light&#8221; text_orientation=&#8221;left&#8221; use_border_color=&#8221;off&#8221; border_color=&#8221;#ffffff&#8221; border_style=&#8221;solid&#8221; text_font_size=&#8221;14&#8243;]<\/p>\n<h2>Thermoplastic injection<\/h2>\n<p>PL\u00c1STICOS ALCO also has a complete service which extends from product conceptualization and design to product manufacture and logistics distribution.<\/p>\n<p>Furthermore, the company has a service focused in developing electronic control devices which are aimed at agricultural machinery. These devices can be specially designed to meet specific needs.<\/p>\n<p>Likewise, our wide selection of existing articles can be adaptable to the needs of every customer.<\/p>\n<p>[\/et_pb_text][\/et_pb_column][\/et_pb_row][\/et_pb_section][et_pb_section admin_label=&#8221;section&#8221; fullwidth=&#8221;on&#8221; specialty=&#8221;off&#8221;][et_pb_fullwidth_slider admin_label=&#8221;Control deslizante de anchura completa&#8221; show_arrows=&#8221;off&#8221; show_pagination=&#8221;off&#8221; auto=&#8221;off&#8221; auto_ignore_hover=&#8221;off&#8221; parallax=&#8221;off&#8221; parallax_method=&#8221;on&#8221; remove_inner_shadow=&#8221;off&#8221; background_position=&#8221;default&#8221; background_size=&#8221;default&#8221; top_padding=&#8221;200px&#8221; bottom_padding=&#8221;200px&#8221; hide_content_on_mobile=&#8221;off&#8221; hide_cta_on_mobile=&#8221;off&#8221; show_image_video_mobile=&#8221;off&#8221; custom_button=&#8221;off&#8221; button_letter_spacing=&#8221;0&#8243; button_use_icon=&#8221;default&#8221; button_icon_placement=&#8221;right&#8221; button_on_hover=&#8221;on&#8221; button_letter_spacing_hover=&#8221;0&#8243; header_font_size=&#8221;46&#8243; body_font_size=&#8221;16&#8243; button_text_size=&#8221;20&#8243; button_border_width=&#8221;2&#8243; button_border_radius=&#8221;3&#8243; button_border_radius_hover=&#8221;3&#8243;]<\/p>\n<p>[et_pb_slide background_image=&#8221;https:\/\/www.plasticosalco.com\/wp-content\/uploads\/2015\/10\/fabricacion-inyeccion-termoplastica.jpg&#8221; background_position=&#8221;default&#8221; background_size=&#8221;default&#8221; background_color=&#8221;#ffffff&#8221; alignment=&#8221;center&#8221; background_layout=&#8221;dark&#8221; allow_player_pause=&#8221;off&#8221; header_font_select=&#8221;default&#8221; body_font_select=&#8221;default&#8221; custom_button=&#8221;off&#8221; button_font_select=&#8221;default&#8221; button_use_icon=&#8221;default&#8221; button_icon_placement=&#8221;right&#8221; button_on_hover=&#8221;on&#8221;] [\/et_pb_slide]<\/p>\n<p>[\/et_pb_fullwidth_slider][\/et_pb_section][et_pb_section admin_label=&#8221;section&#8221; fullwidth=&#8221;off&#8221; specialty=&#8221;off&#8221;][et_pb_row admin_label=&#8221;row&#8221;][et_pb_column type=&#8221;4_4&#8243;][et_pb_text admin_label=&#8221;Texto&#8221; background_layout=&#8221;light&#8221; text_orientation=&#8221;left&#8221; use_border_color=&#8221;off&#8221; border_color=&#8221;#ffffff&#8221; border_style=&#8221;solid&#8221;]<\/p>\n<h3>Machinery<\/h3>\n<p>In PL\u00c1STICOS ALCO we have the most state-of-the-art machinery within our sector. In our machinery area you can see the injection capacity that we are able to offer and all the services available for you at our facilities.<\/p>\n<p>The integral moulding system arranges systematically all the pieces records, providing the utmost care to keep them in good condition.<\/p>\n<p>[\/et_pb_text][\/et_pb_column][\/et_pb_row][\/et_pb_section]<\/p>\n","protected":false},"excerpt":{"rendered":"<p>[et_pb_section admin_label=&#8221;section&#8221;][et_pb_row admin_label=&#8221;row&#8221;][et_pb_column type=&#8221;4_4&#8243;][et_pb_text admin_label=&#8221;Texto&#8221; background_layout=&#8221;light&#8221; text_orientation=&#8221;left&#8221; use_border_color=&#8221;off&#8221; border_color=&#8221;#ffffff&#8221; border_style=&#8221;solid&#8221; text_font_size=&#8221;14&#8243;] About us PL\u00c1STICOS ALCO started back in 1975 as a supplier of plastic-injected pieces for different industries, being the agricultural sector the main one at that time; becoming S.L. as from 1990. With nearly 40 years of experience in the plastic sector, PL\u00c1STICOS ALCO\u00a0devotes [&hellip;]<\/p>\n","protected":false},"author":1,"featured_media":0,"parent":0,"menu_order":0,"comment_status":"open","ping_status":"closed","template":"","meta":{"_acf_changed":false,"footnotes":""},"class_list":["post-1254","page","type-page","status-publish","hentry"],"acf":[],"yoast_head":"<!-- This site is optimized with the Yoast SEO plugin v27.4 - https:\/\/yoast.com\/product\/yoast-seo-wordpress\/ -->\n<title>About us Thermoplastic injection<\/title>\n<meta name=\"description\" content=\"Alco dedicated plastic injection production and processing of thermoplastics in addition to the manufacture of molds for different sectors.\" \/>\n<meta name=\"robots\" content=\"index, follow, max-snippet:-1, max-image-preview:large, max-video-preview:-1\" \/>\n<link rel=\"canonical\" href=\"https:\/\/www.plasticosalco.com\/en\/about-us-thermoplastic-injection\/\" \/>\n<meta property=\"og:locale\" content=\"en_US\" \/>\n<meta property=\"og:type\" content=\"article\" \/>\n<meta property=\"og:title\" content=\"About us Thermoplastic injection\" \/>\n<meta property=\"og:description\" content=\"Alco dedicated plastic injection production and processing of thermoplastics in addition to the manufacture of molds for different sectors.\" \/>\n<meta property=\"og:url\" content=\"https:\/\/www.plasticosalco.com\/en\/about-us-thermoplastic-injection\/\" \/>\n<meta property=\"og:site_name\" content=\"Pl\u00e1sticos Alco\" \/>\n<meta property=\"article:modified_time\" content=\"2019-01-08T14:36:41+00:00\" \/>\n<meta name=\"twitter:card\" content=\"summary_large_image\" \/>\n<meta name=\"twitter:label1\" content=\"Est. reading time\" \/>\n\t<meta name=\"twitter:data1\" content=\"4 minutes\" \/>\n<script type=\"application\/ld+json\" class=\"yoast-schema-graph\">{\"@context\":\"https:\\\/\\\/schema.org\",\"@graph\":[{\"@type\":\"WebPage\",\"@id\":\"https:\\\/\\\/www.plasticosalco.com\\\/en\\\/about-us-thermoplastic-injection\\\/\",\"url\":\"https:\\\/\\\/www.plasticosalco.com\\\/en\\\/about-us-thermoplastic-injection\\\/\",\"name\":\"About us Thermoplastic injection\",\"isPartOf\":{\"@id\":\"https:\\\/\\\/www.plasticosalco.com\\\/#website\"},\"datePublished\":\"2015-06-19T17:51:54+00:00\",\"dateModified\":\"2019-01-08T14:36:41+00:00\",\"description\":\"Alco dedicated plastic injection production and processing of thermoplastics in addition to the manufacture of molds for different sectors.\",\"breadcrumb\":{\"@id\":\"https:\\\/\\\/www.plasticosalco.com\\\/en\\\/about-us-thermoplastic-injection\\\/#breadcrumb\"},\"inLanguage\":\"en-US\",\"potentialAction\":[{\"@type\":\"ReadAction\",\"target\":[\"https:\\\/\\\/www.plasticosalco.com\\\/en\\\/about-us-thermoplastic-injection\\\/\"]}]},{\"@type\":\"BreadcrumbList\",\"@id\":\"https:\\\/\\\/www.plasticosalco.com\\\/en\\\/about-us-thermoplastic-injection\\\/#breadcrumb\",\"itemListElement\":[{\"@type\":\"ListItem\",\"position\":1,\"name\":\"Portada\",\"item\":\"https:\\\/\\\/www.plasticosalco.com\\\/en\\\/\"},{\"@type\":\"ListItem\",\"position\":2,\"name\":\"About us\"}]},{\"@type\":\"WebSite\",\"@id\":\"https:\\\/\\\/www.plasticosalco.com\\\/#website\",\"url\":\"https:\\\/\\\/www.plasticosalco.com\\\/\",\"name\":\"Pl\u00e1sticos Alco\",\"description\":\"Fabricantes de moldes y productos de inyecci\u00f3n termopl\u00e1sticos\",\"publisher\":{\"@id\":\"https:\\\/\\\/www.plasticosalco.com\\\/#organization\"},\"potentialAction\":[{\"@type\":\"SearchAction\",\"target\":{\"@type\":\"EntryPoint\",\"urlTemplate\":\"https:\\\/\\\/www.plasticosalco.com\\\/?s={search_term_string}\"},\"query-input\":{\"@type\":\"PropertyValueSpecification\",\"valueRequired\":true,\"valueName\":\"search_term_string\"}}],\"inLanguage\":\"en-US\"},{\"@type\":\"Organization\",\"@id\":\"https:\\\/\\\/www.plasticosalco.com\\\/#organization\",\"name\":\"Pl\u00e1sticos Alco SL\",\"url\":\"https:\\\/\\\/www.plasticosalco.com\\\/\",\"logo\":{\"@type\":\"ImageObject\",\"inLanguage\":\"en-US\",\"@id\":\"https:\\\/\\\/www.plasticosalco.com\\\/#\\\/schema\\\/logo\\\/image\\\/\",\"url\":\"https:\\\/\\\/www.plasticosalco.com\\\/wp-content\\\/uploads\\\/2015\\\/06\\\/logo.jpg\",\"contentUrl\":\"https:\\\/\\\/www.plasticosalco.com\\\/wp-content\\\/uploads\\\/2015\\\/06\\\/logo.jpg\",\"width\":260,\"height\":65,\"caption\":\"Pl\u00e1sticos Alco SL\"},\"image\":{\"@id\":\"https:\\\/\\\/www.plasticosalco.com\\\/#\\\/schema\\\/logo\\\/image\\\/\"}}]}<\/script>\n<!-- \/ Yoast SEO plugin. -->","yoast_head_json":{"title":"About us Thermoplastic injection","description":"Alco dedicated plastic injection production and processing of thermoplastics in addition to the manufacture of molds for different sectors.","robots":{"index":"index","follow":"follow","max-snippet":"max-snippet:-1","max-image-preview":"max-image-preview:large","max-video-preview":"max-video-preview:-1"},"canonical":"https:\/\/www.plasticosalco.com\/en\/about-us-thermoplastic-injection\/","og_locale":"en_US","og_type":"article","og_title":"About us Thermoplastic injection","og_description":"Alco dedicated plastic injection production and processing of thermoplastics in addition to the manufacture of molds for different sectors.","og_url":"https:\/\/www.plasticosalco.com\/en\/about-us-thermoplastic-injection\/","og_site_name":"Pl\u00e1sticos Alco","article_modified_time":"2019-01-08T14:36:41+00:00","twitter_card":"summary_large_image","twitter_misc":{"Est. reading time":"4 minutes"},"schema":{"@context":"https:\/\/schema.org","@graph":[{"@type":"WebPage","@id":"https:\/\/www.plasticosalco.com\/en\/about-us-thermoplastic-injection\/","url":"https:\/\/www.plasticosalco.com\/en\/about-us-thermoplastic-injection\/","name":"About us Thermoplastic injection","isPartOf":{"@id":"https:\/\/www.plasticosalco.com\/#website"},"datePublished":"2015-06-19T17:51:54+00:00","dateModified":"2019-01-08T14:36:41+00:00","description":"Alco dedicated plastic injection production and processing of thermoplastics in addition to the manufacture of molds for different sectors.","breadcrumb":{"@id":"https:\/\/www.plasticosalco.com\/en\/about-us-thermoplastic-injection\/#breadcrumb"},"inLanguage":"en-US","potentialAction":[{"@type":"ReadAction","target":["https:\/\/www.plasticosalco.com\/en\/about-us-thermoplastic-injection\/"]}]},{"@type":"BreadcrumbList","@id":"https:\/\/www.plasticosalco.com\/en\/about-us-thermoplastic-injection\/#breadcrumb","itemListElement":[{"@type":"ListItem","position":1,"name":"Portada","item":"https:\/\/www.plasticosalco.com\/en\/"},{"@type":"ListItem","position":2,"name":"About us"}]},{"@type":"WebSite","@id":"https:\/\/www.plasticosalco.com\/#website","url":"https:\/\/www.plasticosalco.com\/","name":"Pl\u00e1sticos Alco","description":"Fabricantes de moldes y productos de inyecci\u00f3n termopl\u00e1sticos","publisher":{"@id":"https:\/\/www.plasticosalco.com\/#organization"},"potentialAction":[{"@type":"SearchAction","target":{"@type":"EntryPoint","urlTemplate":"https:\/\/www.plasticosalco.com\/?s={search_term_string}"},"query-input":{"@type":"PropertyValueSpecification","valueRequired":true,"valueName":"search_term_string"}}],"inLanguage":"en-US"},{"@type":"Organization","@id":"https:\/\/www.plasticosalco.com\/#organization","name":"Pl\u00e1sticos Alco SL","url":"https:\/\/www.plasticosalco.com\/","logo":{"@type":"ImageObject","inLanguage":"en-US","@id":"https:\/\/www.plasticosalco.com\/#\/schema\/logo\/image\/","url":"https:\/\/www.plasticosalco.com\/wp-content\/uploads\/2015\/06\/logo.jpg","contentUrl":"https:\/\/www.plasticosalco.com\/wp-content\/uploads\/2015\/06\/logo.jpg","width":260,"height":65,"caption":"Pl\u00e1sticos Alco SL"},"image":{"@id":"https:\/\/www.plasticosalco.com\/#\/schema\/logo\/image\/"}}]}},"_links":{"self":[{"href":"https:\/\/www.plasticosalco.com\/en\/wp-json\/wp\/v2\/pages\/1254","targetHints":{"allow":["GET"]}}],"collection":[{"href":"https:\/\/www.plasticosalco.com\/en\/wp-json\/wp\/v2\/pages"}],"about":[{"href":"https:\/\/www.plasticosalco.com\/en\/wp-json\/wp\/v2\/types\/page"}],"author":[{"embeddable":true,"href":"https:\/\/www.plasticosalco.com\/en\/wp-json\/wp\/v2\/users\/1"}],"replies":[{"embeddable":true,"href":"https:\/\/www.plasticosalco.com\/en\/wp-json\/wp\/v2\/comments?post=1254"}],"version-history":[{"count":25,"href":"https:\/\/www.plasticosalco.com\/en\/wp-json\/wp\/v2\/pages\/1254\/revisions"}],"predecessor-version":[{"id":3311,"href":"https:\/\/www.plasticosalco.com\/en\/wp-json\/wp\/v2\/pages\/1254\/revisions\/3311"}],"wp:attachment":[{"href":"https:\/\/www.plasticosalco.com\/en\/wp-json\/wp\/v2\/media?parent=1254"}],"curies":[{"name":"wp","href":"https:\/\/api.w.org\/{rel}","templated":true}]}}