{"id":1273,"date":"2015-06-19T17:14:37","date_gmt":"2015-06-19T17:14:37","guid":{"rendered":"http:\/\/www.plasticosalco.com\/en\/productos\/"},"modified":"2018-04-10T13:54:16","modified_gmt":"2018-04-10T13:54:16","slug":"products","status":"publish","type":"page","link":"https:\/\/www.plasticosalco.com\/en\/products\/","title":{"rendered":"Products"},"content":{"rendered":"<p>[et_pb_section admin_label=&#8221;section&#8221;][et_pb_row admin_label=&#8221;row&#8221;][et_pb_column type=&#8221;4_4&#8243;][et_pb_text admin_label=&#8221;Texto&#8221; background_layout=&#8221;light&#8221; text_orientation=&#8221;left&#8221; use_border_color=&#8221;off&#8221; border_color=&#8221;#ffffff&#8221; border_style=&#8221;solid&#8221;]<\/p>\n<h1>Our products<\/h1>\n<p>[\/et_pb_text][\/et_pb_column][\/et_pb_row][et_pb_row admin_label=&#8221;row&#8221; make_fullwidth=&#8221;off&#8221; use_custom_width=&#8221;off&#8221; width_unit=&#8221;on&#8221; use_custom_gutter=&#8221;off&#8221; padding_mobile=&#8221;off&#8221; module_class=&#8221;productos-agricola-textil&#8221; allow_player_pause=&#8221;off&#8221; parallax=&#8221;off&#8221; parallax_method=&#8221;off&#8221; make_equal=&#8221;off&#8221; column_padding_mobile=&#8221;on&#8221;][et_pb_column type=&#8221;1_2&#8243;][et_pb_text admin_label=&#8221;Texto&#8221; background_layout=&#8221;light&#8221; text_orientation=&#8221;left&#8221; use_border_color=&#8221;off&#8221; border_color=&#8221;#ffffff&#8221; border_style=&#8221;solid&#8221;]<\/p>\n<h2>Textile industry<\/h2>\n<p>We supply godos for:<\/p>\n<p>BAGS MANUFACTURE<\/p>\n<p>\u2013 Plastic weldable handles for tablecloths and curtains.<\/p>\n<p>TEXTILE CLOTHING<\/p>\n<p>\u2013 Hangers for bath mats, towels, tablecloths, curtains.<br \/>\n\u2013 Bath hooks, Hooks &#8211; Bunch pack, large castings, Snap-lock shower hook, , available in a wide variety of colors.<\/p>\n<p>MANUFACTURE OF SAMPLES<\/p>\n<p>\u2013 Hangers, in various materials: metalics,\u00a0plastic etc<br \/>\n\u2013 Rivets, available in plastic and metal,\u00a0with threaded and pressure.<\/p>\n<p>[\/et_pb_text][et_pb_cta admin_label=&#8221;Llamada a la acci\u00f3n&#8221; button_url=&#8221;\/en\/project_category\/textile&#8221; url_new_window=&#8221;off&#8221; use_background_color=&#8221;off&#8221; background_color=&#8221;#6fb121&#8243; background_layout=&#8221;light&#8221; text_orientation=&#8221;center&#8221; use_border_color=&#8221;off&#8221; border_color=&#8221;#ffffff&#8221; border_style=&#8221;solid&#8221; custom_button=&#8221;off&#8221; button_letter_spacing=&#8221;0&#8243; button_use_icon=&#8221;default&#8221; button_icon_placement=&#8221;right&#8221; button_on_hover=&#8221;on&#8221; button_letter_spacing_hover=&#8221;0&#8243; button_text=&#8221;See textiles products &#8220;] [\/et_pb_cta][\/et_pb_column][et_pb_column type=&#8221;1_2&#8243;][et_pb_text admin_label=&#8221;Texto&#8221; background_layout=&#8221;light&#8221; text_orientation=&#8221;left&#8221; use_border_color=&#8221;off&#8221; border_color=&#8221;#ffffff&#8221; border_style=&#8221;solid&#8221;]<\/p>\n<h2>Agricultural sector<\/h2>\n<p>Pl\u00e1sticos Alco has over than 35 years developing specific products for the agricultural sector, the experience accumulated in this period puts us in first line in quality and technology.<\/p>\n<p>We are specialists in all kind of agricultural accesories:<\/p>\n<p>Seed dispensers<br \/>\nTelescopic tubes, straight and elbowed<br \/>\nBushes<br \/>\nDeposits<br \/>\nHopper Deposits<br \/>\nNozzles<br \/>\nPinions<br \/>\nPinion holder<br \/>\nCotter pin<br \/>\nLevers<br \/>\nAxle housings<br \/>\nAgitators<br \/>\nHelical, spring lock washers etc.<\/p>\n<p>[\/et_pb_text][et_pb_cta admin_label=&#8221;Llamada a la acci\u00f3n&#8221; button_url=&#8221;\/en\/moldes\/agricultural\/&#8221; url_new_window=&#8221;off&#8221; use_background_color=&#8221;off&#8221; background_color=&#8221;#6fb121&#8243; background_layout=&#8221;light&#8221; text_orientation=&#8221;center&#8221; use_border_color=&#8221;off&#8221; border_color=&#8221;#ffffff&#8221; border_style=&#8221;solid&#8221; custom_button=&#8221;off&#8221; button_letter_spacing=&#8221;0&#8243; button_use_icon=&#8221;default&#8221; button_icon_placement=&#8221;right&#8221; button_on_hover=&#8221;on&#8221; button_letter_spacing_hover=&#8221;0&#8243; button_text=&#8221;See agricultural products&#8221; header_font_size=&#8221;26&#8243; body_font_size=&#8221;14&#8243; button_text_size=&#8221;20&#8243; button_border_width=&#8221;2&#8243; button_border_radius=&#8221;3&#8243; button_border_radius_hover=&#8221;3&#8243;]<br \/>\n[\/et_pb_cta][\/et_pb_column][\/et_pb_row][\/et_pb_section]<\/p>\n","protected":false},"excerpt":{"rendered":"<p>[et_pb_section admin_label=&#8221;section&#8221;][et_pb_row admin_label=&#8221;row&#8221;][et_pb_column type=&#8221;4_4&#8243;][et_pb_text admin_label=&#8221;Texto&#8221; background_layout=&#8221;light&#8221; text_orientation=&#8221;left&#8221; use_border_color=&#8221;off&#8221; border_color=&#8221;#ffffff&#8221; border_style=&#8221;solid&#8221;] Our products [\/et_pb_text][\/et_pb_column][\/et_pb_row][et_pb_row admin_label=&#8221;row&#8221; make_fullwidth=&#8221;off&#8221; use_custom_width=&#8221;off&#8221; width_unit=&#8221;on&#8221; use_custom_gutter=&#8221;off&#8221; padding_mobile=&#8221;off&#8221; module_class=&#8221;productos-agricola-textil&#8221; allow_player_pause=&#8221;off&#8221; parallax=&#8221;off&#8221; parallax_method=&#8221;off&#8221; make_equal=&#8221;off&#8221; column_padding_mobile=&#8221;on&#8221;][et_pb_column type=&#8221;1_2&#8243;][et_pb_text admin_label=&#8221;Texto&#8221; background_layout=&#8221;light&#8221; text_orientation=&#8221;left&#8221; use_border_color=&#8221;off&#8221; border_color=&#8221;#ffffff&#8221; border_style=&#8221;solid&#8221;] Textile industry We supply godos for: BAGS MANUFACTURE \u2013 Plastic weldable handles for tablecloths and curtains. TEXTILE CLOTHING \u2013 Hangers for bath mats, [&hellip;]<\/p>\n","protected":false},"author":1,"featured_media":0,"parent":0,"menu_order":0,"comment_status":"open","ping_status":"closed","template":"","meta":{"_acf_changed":false,"footnotes":""},"class_list":["post-1273","page","type-page","status-publish","hentry"],"acf":[],"yoast_head":"<!-- This site is optimized with the Yoast SEO plugin v27.4 - https:\/\/yoast.com\/product\/yoast-seo-wordpress\/ -->\n<title>Manufactured products\u00a0Textile and\u00a0Agricultural | Pl\u00e1sticos Alco<\/title>\n<meta name=\"description\" content=\"Pl\u00e1sticos Alco working in manufacturing and plastic injection molds and thermoplastic for the textile and agricultural sectors for over 35 years.\" \/>\n<meta name=\"robots\" content=\"index, follow, max-snippet:-1, max-image-preview:large, max-video-preview:-1\" \/>\n<link rel=\"canonical\" href=\"https:\/\/www.plasticosalco.com\/en\/products\/\" \/>\n<meta property=\"og:locale\" content=\"en_US\" \/>\n<meta property=\"og:type\" content=\"article\" \/>\n<meta property=\"og:title\" content=\"Manufactured products\u00a0Textile and\u00a0Agricultural | Pl\u00e1sticos Alco\" \/>\n<meta property=\"og:description\" content=\"Pl\u00e1sticos Alco working in manufacturing and plastic injection molds and thermoplastic for the textile and agricultural sectors for over 35 years.\" \/>\n<meta property=\"og:url\" content=\"https:\/\/www.plasticosalco.com\/en\/products\/\" \/>\n<meta property=\"og:site_name\" content=\"Pl\u00e1sticos Alco\" \/>\n<meta property=\"article:modified_time\" content=\"2018-04-10T13:54:16+00:00\" \/>\n<meta name=\"twitter:card\" content=\"summary_large_image\" \/>\n<meta name=\"twitter:label1\" content=\"Est. reading time\" \/>\n\t<meta name=\"twitter:data1\" content=\"2 minutes\" \/>\n<script type=\"application\/ld+json\" class=\"yoast-schema-graph\">{\"@context\":\"https:\\\/\\\/schema.org\",\"@graph\":[{\"@type\":\"WebPage\",\"@id\":\"https:\\\/\\\/www.plasticosalco.com\\\/en\\\/products\\\/\",\"url\":\"https:\\\/\\\/www.plasticosalco.com\\\/en\\\/products\\\/\",\"name\":\"Manufactured products\u00a0Textile and\u00a0Agricultural | Pl\u00e1sticos Alco\",\"isPartOf\":{\"@id\":\"https:\\\/\\\/www.plasticosalco.com\\\/#website\"},\"datePublished\":\"2015-06-19T17:14:37+00:00\",\"dateModified\":\"2018-04-10T13:54:16+00:00\",\"description\":\"Pl\u00e1sticos Alco working in manufacturing and plastic injection molds and thermoplastic for the textile and agricultural sectors for over 35 years.\",\"breadcrumb\":{\"@id\":\"https:\\\/\\\/www.plasticosalco.com\\\/en\\\/products\\\/#breadcrumb\"},\"inLanguage\":\"en-US\",\"potentialAction\":[{\"@type\":\"ReadAction\",\"target\":[\"https:\\\/\\\/www.plasticosalco.com\\\/en\\\/products\\\/\"]}]},{\"@type\":\"BreadcrumbList\",\"@id\":\"https:\\\/\\\/www.plasticosalco.com\\\/en\\\/products\\\/#breadcrumb\",\"itemListElement\":[{\"@type\":\"ListItem\",\"position\":1,\"name\":\"Portada\",\"item\":\"https:\\\/\\\/www.plasticosalco.com\\\/en\\\/\"},{\"@type\":\"ListItem\",\"position\":2,\"name\":\"Products\"}]},{\"@type\":\"WebSite\",\"@id\":\"https:\\\/\\\/www.plasticosalco.com\\\/#website\",\"url\":\"https:\\\/\\\/www.plasticosalco.com\\\/\",\"name\":\"Pl\u00e1sticos Alco\",\"description\":\"Fabricantes de moldes y productos de inyecci\u00f3n termopl\u00e1sticos\",\"publisher\":{\"@id\":\"https:\\\/\\\/www.plasticosalco.com\\\/#organization\"},\"potentialAction\":[{\"@type\":\"SearchAction\",\"target\":{\"@type\":\"EntryPoint\",\"urlTemplate\":\"https:\\\/\\\/www.plasticosalco.com\\\/?s={search_term_string}\"},\"query-input\":{\"@type\":\"PropertyValueSpecification\",\"valueRequired\":true,\"valueName\":\"search_term_string\"}}],\"inLanguage\":\"en-US\"},{\"@type\":\"Organization\",\"@id\":\"https:\\\/\\\/www.plasticosalco.com\\\/#organization\",\"name\":\"Pl\u00e1sticos Alco SL\",\"url\":\"https:\\\/\\\/www.plasticosalco.com\\\/\",\"logo\":{\"@type\":\"ImageObject\",\"inLanguage\":\"en-US\",\"@id\":\"https:\\\/\\\/www.plasticosalco.com\\\/#\\\/schema\\\/logo\\\/image\\\/\",\"url\":\"https:\\\/\\\/www.plasticosalco.com\\\/wp-content\\\/uploads\\\/2015\\\/06\\\/logo.jpg\",\"contentUrl\":\"https:\\\/\\\/www.plasticosalco.com\\\/wp-content\\\/uploads\\\/2015\\\/06\\\/logo.jpg\",\"width\":260,\"height\":65,\"caption\":\"Pl\u00e1sticos Alco SL\"},\"image\":{\"@id\":\"https:\\\/\\\/www.plasticosalco.com\\\/#\\\/schema\\\/logo\\\/image\\\/\"}}]}<\/script>\n<!-- \/ Yoast SEO plugin. -->","yoast_head_json":{"title":"Manufactured products\u00a0Textile and\u00a0Agricultural | Pl\u00e1sticos Alco","description":"Pl\u00e1sticos Alco working in manufacturing and plastic injection molds and thermoplastic for the textile and agricultural sectors for over 35 years.","robots":{"index":"index","follow":"follow","max-snippet":"max-snippet:-1","max-image-preview":"max-image-preview:large","max-video-preview":"max-video-preview:-1"},"canonical":"https:\/\/www.plasticosalco.com\/en\/products\/","og_locale":"en_US","og_type":"article","og_title":"Manufactured products\u00a0Textile and\u00a0Agricultural | Pl\u00e1sticos Alco","og_description":"Pl\u00e1sticos Alco working in manufacturing and plastic injection molds and thermoplastic for the textile and agricultural sectors for over 35 years.","og_url":"https:\/\/www.plasticosalco.com\/en\/products\/","og_site_name":"Pl\u00e1sticos Alco","article_modified_time":"2018-04-10T13:54:16+00:00","twitter_card":"summary_large_image","twitter_misc":{"Est. reading time":"2 minutes"},"schema":{"@context":"https:\/\/schema.org","@graph":[{"@type":"WebPage","@id":"https:\/\/www.plasticosalco.com\/en\/products\/","url":"https:\/\/www.plasticosalco.com\/en\/products\/","name":"Manufactured products\u00a0Textile and\u00a0Agricultural | Pl\u00e1sticos Alco","isPartOf":{"@id":"https:\/\/www.plasticosalco.com\/#website"},"datePublished":"2015-06-19T17:14:37+00:00","dateModified":"2018-04-10T13:54:16+00:00","description":"Pl\u00e1sticos Alco working in manufacturing and plastic injection molds and thermoplastic for the textile and agricultural sectors for over 35 years.","breadcrumb":{"@id":"https:\/\/www.plasticosalco.com\/en\/products\/#breadcrumb"},"inLanguage":"en-US","potentialAction":[{"@type":"ReadAction","target":["https:\/\/www.plasticosalco.com\/en\/products\/"]}]},{"@type":"BreadcrumbList","@id":"https:\/\/www.plasticosalco.com\/en\/products\/#breadcrumb","itemListElement":[{"@type":"ListItem","position":1,"name":"Portada","item":"https:\/\/www.plasticosalco.com\/en\/"},{"@type":"ListItem","position":2,"name":"Products"}]},{"@type":"WebSite","@id":"https:\/\/www.plasticosalco.com\/#website","url":"https:\/\/www.plasticosalco.com\/","name":"Pl\u00e1sticos Alco","description":"Fabricantes de moldes y productos de inyecci\u00f3n termopl\u00e1sticos","publisher":{"@id":"https:\/\/www.plasticosalco.com\/#organization"},"potentialAction":[{"@type":"SearchAction","target":{"@type":"EntryPoint","urlTemplate":"https:\/\/www.plasticosalco.com\/?s={search_term_string}"},"query-input":{"@type":"PropertyValueSpecification","valueRequired":true,"valueName":"search_term_string"}}],"inLanguage":"en-US"},{"@type":"Organization","@id":"https:\/\/www.plasticosalco.com\/#organization","name":"Pl\u00e1sticos Alco SL","url":"https:\/\/www.plasticosalco.com\/","logo":{"@type":"ImageObject","inLanguage":"en-US","@id":"https:\/\/www.plasticosalco.com\/#\/schema\/logo\/image\/","url":"https:\/\/www.plasticosalco.com\/wp-content\/uploads\/2015\/06\/logo.jpg","contentUrl":"https:\/\/www.plasticosalco.com\/wp-content\/uploads\/2015\/06\/logo.jpg","width":260,"height":65,"caption":"Pl\u00e1sticos Alco SL"},"image":{"@id":"https:\/\/www.plasticosalco.com\/#\/schema\/logo\/image\/"}}]}},"_links":{"self":[{"href":"https:\/\/www.plasticosalco.com\/en\/wp-json\/wp\/v2\/pages\/1273","targetHints":{"allow":["GET"]}}],"collection":[{"href":"https:\/\/www.plasticosalco.com\/en\/wp-json\/wp\/v2\/pages"}],"about":[{"href":"https:\/\/www.plasticosalco.com\/en\/wp-json\/wp\/v2\/types\/page"}],"author":[{"embeddable":true,"href":"https:\/\/www.plasticosalco.com\/en\/wp-json\/wp\/v2\/users\/1"}],"replies":[{"embeddable":true,"href":"https:\/\/www.plasticosalco.com\/en\/wp-json\/wp\/v2\/comments?post=1273"}],"version-history":[{"count":18,"href":"https:\/\/www.plasticosalco.com\/en\/wp-json\/wp\/v2\/pages\/1273\/revisions"}],"predecessor-version":[{"id":3275,"href":"https:\/\/www.plasticosalco.com\/en\/wp-json\/wp\/v2\/pages\/1273\/revisions\/3275"}],"wp:attachment":[{"href":"https:\/\/www.plasticosalco.com\/en\/wp-json\/wp\/v2\/media?parent=1273"}],"curies":[{"name":"wp","href":"https:\/\/api.w.org\/{rel}","templated":true}]}}